{"id":2927,"date":"2022-11-02T18:21:05","date_gmt":"2022-11-02T23:21:05","guid":{"rendered":"https:\/\/glampingjardin.com\/como-llegar-a-jardin\/"},"modified":"2025-08-27T16:09:34","modified_gmt":"2025-08-27T21:09:34","slug":"como-llegar-a-jardin","status":"publish","type":"page","link":"https:\/\/glampingjardin.com\/es\/como-llegar-a-jardin\/","title":{"rendered":"c\u00f3mo llegar a Jard\u00edn?"},"content":{"rendered":"\t\t<div data-elementor-type=\"wp-post\" data-elementor-id=\"2927\" class=\"elementor elementor-2927 elementor-1150\" data-elementor-post-type=\"page\">\n\t\t\t\t\t\t<section class=\"elementor-section elementor-top-section elementor-element elementor-element-3abe1d47 elementor-section-full_width elementor-section-height-min-height elementor-section-height-default elementor-section-items-middle\" data-id=\"3abe1d47\" data-element_type=\"section\" data-e-type=\"section\" data-settings=\"{&quot;background_background&quot;:&quot;classic&quot;}\">\n\t\t\t\t\t\t\t<div class=\"elementor-background-overlay\"><\/div>\n\t\t\t\t\t\t\t<div class=\"elementor-container elementor-column-gap-default\">\n\t\t\t\t\t<div class=\"elementor-column elementor-col-100 elementor-top-column elementor-element elementor-element-1cd780e3\" data-id=\"1cd780e3\" data-element_type=\"column\" data-e-type=\"column\">\n\t\t\t<div class=\"elementor-widget-wrap elementor-element-populated\">\n\t\t\t\t\t\t<div class=\"elementor-element elementor-element-367392ab elementor-widget elementor-widget-spacer\" data-id=\"367392ab\" data-element_type=\"widget\" data-e-type=\"widget\" data-widget_type=\"spacer.default\">\n\t\t\t\t\t\t\t<div class=\"elementor-spacer\">\n\t\t\t<div class=\"elementor-spacer-inner\"><\/div>\n\t\t<\/div>\n\t\t\t\t\t\t<\/div>\n\t\t\t\t<div class=\"elementor-element elementor-element-2745faf1 elementor-view-default elementor-position-top elementor-invisible elementor-widget elementor-widget-themo-header\" data-id=\"2745faf1\" data-element_type=\"widget\" data-e-type=\"widget\" data-settings=\"{&quot;_animation&quot;:&quot;fadeIn&quot;}\" data-widget_type=\"themo-header.default\">\n\t\t\t\t<div class=\"elementor-widget-container\">\n\t\t\t\t\t\t\t<div class=\"th-header-wrap\">\n        <div class=\"elementor-icon-box-wrapper \">\n                            <div class=\"elementor-icon-box-content\">\n                    <h1 class=\"elementor-icon-box-title\">\n                        C\u00d3MO LLEGAR A JARD\u00cdN                    <\/h1>\n                                        <p class=\"elementor-icon-box-description\">Transporte p\u00fablico, carro o moto.<\/p>\n\n                                    <\/div>\n            <\/div>\n\n        <\/div>\n\n\t\t\t\t\t\t<\/div>\n\t\t\t\t<\/div>\n\t\t\t\t\t<\/div>\n\t\t<\/div>\n\t\t\t\t\t<\/div>\n\t\t<\/section>\n\t\t\t\t<section class=\"elementor-section elementor-top-section elementor-element elementor-element-f48b74a elementor-section-full_width elementor-section-height-default elementor-section-height-default\" data-id=\"f48b74a\" data-element_type=\"section\" data-e-type=\"section\">\n\t\t\t\t\t\t<div class=\"elementor-container elementor-column-gap-no\">\n\t\t\t\t\t<div class=\"elementor-column elementor-col-100 elementor-top-column elementor-element elementor-element-4cfe81b\" data-id=\"4cfe81b\" data-element_type=\"column\" data-e-type=\"column\">\n\t\t\t<div class=\"elementor-widget-wrap elementor-element-populated\">\n\t\t\t\t\t\t<div class=\"elementor-element elementor-element-5a188bc elementor-widget elementor-widget-spacer\" data-id=\"5a188bc\" data-element_type=\"widget\" data-e-type=\"widget\" data-widget_type=\"spacer.default\">\n\t\t\t\t\t\t\t<div class=\"elementor-spacer\">\n\t\t\t<div class=\"elementor-spacer-inner\"><\/div>\n\t\t<\/div>\n\t\t\t\t\t\t<\/div>\n\t\t\t\t<div class=\"elementor-element elementor-element-33ea3f9 elementor-widget elementor-widget-spacer\" data-id=\"33ea3f9\" data-element_type=\"widget\" data-e-type=\"widget\" data-widget_type=\"spacer.default\">\n\t\t\t\t\t\t\t<div class=\"elementor-spacer\">\n\t\t\t<div class=\"elementor-spacer-inner\"><\/div>\n\t\t<\/div>\n\t\t\t\t\t\t<\/div>\n\t\t\t\t<div class=\"elementor-element elementor-element-a5bdf16 elementor-view-default elementor-position-top elementor-widget elementor-widget-themo-header\" data-id=\"a5bdf16\" data-element_type=\"widget\" data-e-type=\"widget\" data-widget_type=\"themo-header.default\">\n\t\t\t\t<div class=\"elementor-widget-container\">\n\t\t\t\t\t\t\t<div class=\"th-header-wrap\">\n        <div class=\"elementor-icon-box-wrapper \">\n                            <div class=\"elementor-icon-box-content\">\n                    <h2 class=\"elementor-icon-box-title\">\n                        TRANSPORTE                    <\/h2>\n                                            <span class=\"th-header-divider\"><\/span>\n                                        <p class=\"elementor-icon-box-description\">Al buscar informaci\u00f3n sobre c\u00f3mo llegar a Jard\u00edn, es posible que te encuentres con muchas historias diferentes. No te preocupes, aqu\u00ed te informaremos de las opciones y de nuestra experiencia. Actualizaremos esta p\u00e1gina de forma regular para mantener esta informaci\u00f3n actualizada.<\/p>\n\n                                    <\/div>\n            <\/div>\n\n        <\/div>\n\n\t\t\t\t\t\t<\/div>\n\t\t\t\t<\/div>\n\t\t\t\t\t<\/div>\n\t\t<\/div>\n\t\t\t\t\t<\/div>\n\t\t<\/section>\n\t\t\t\t<section class=\"elementor-section elementor-top-section elementor-element elementor-element-d0e5233 elementor-section-boxed elementor-section-height-default elementor-section-height-default\" data-id=\"d0e5233\" data-element_type=\"section\" data-e-type=\"section\" data-settings=\"{&quot;background_background&quot;:&quot;classic&quot;}\">\n\t\t\t\t\t\t<div class=\"elementor-container elementor-column-gap-no\">\n\t\t\t\t\t<div class=\"elementor-column elementor-col-100 elementor-top-column elementor-element elementor-element-c12318f\" data-id=\"c12318f\" data-element_type=\"column\" data-e-type=\"column\">\n\t\t\t<div class=\"elementor-widget-wrap elementor-element-populated\">\n\t\t\t\t\t\t<div class=\"elementor-element elementor-element-ccab304 elementor-widget elementor-widget-spacer\" data-id=\"ccab304\" data-element_type=\"widget\" data-e-type=\"widget\" data-widget_type=\"spacer.default\">\n\t\t\t\t\t\t\t<div class=\"elementor-spacer\">\n\t\t\t<div class=\"elementor-spacer-inner\"><\/div>\n\t\t<\/div>\n\t\t\t\t\t\t<\/div>\n\t\t\t\t<div class=\"elementor-element elementor-element-27beb6a elementor-widget elementor-widget-menu-anchor\" data-id=\"27beb6a\" data-element_type=\"widget\" data-e-type=\"widget\" data-widget_type=\"menu-anchor.default\">\n\t\t\t\t\t\t\t<div class=\"elementor-menu-anchor\" id=\"qu-hacer\"><\/div>\n\t\t\t\t\t\t<\/div>\n\t\t\t\t\t<\/div>\n\t\t<\/div>\n\t\t\t\t\t<\/div>\n\t\t<\/section>\n\t\t\t\t<section class=\"elementor-section elementor-top-section elementor-element elementor-element-7a707642 elementor-section-full_width elementor-section-height-default elementor-section-height-default\" data-id=\"7a707642\" data-element_type=\"section\" data-e-type=\"section\">\n\t\t\t\t\t\t<div class=\"elementor-container elementor-column-gap-default\">\n\t\t\t\t\t<div class=\"elementor-column elementor-col-66 elementor-top-column elementor-element elementor-element-6fd46887\" data-id=\"6fd46887\" data-element_type=\"column\" data-e-type=\"column\" data-settings=\"{&quot;background_background&quot;:&quot;classic&quot;}\">\n\t\t\t<div class=\"elementor-widget-wrap elementor-element-populated\">\n\t\t\t\t\t\t<div class=\"elementor-element elementor-element-a2bb102 elementor-view-default elementor-position-top elementor-widget elementor-widget-themo-header\" data-id=\"a2bb102\" data-element_type=\"widget\" data-e-type=\"widget\" data-widget_type=\"themo-header.default\">\n\t\t\t\t<div class=\"elementor-widget-container\">\n\t\t\t\t\t\t\t<div class=\"th-header-wrap\">\n        <div class=\"elementor-icon-box-wrapper \">\n                            <div class=\"elementor-icon-box-content\">\n                    <h3 class=\"elementor-icon-box-title\">\n                        TRANSPORTE P\u00daBLICO:                    <\/h3>\n                                            <span class=\"th-header-divider\"><\/span>\n                                        <p class=\"elementor-icon-box-description\">\u00a1Llegar aqu\u00ed desde Medell\u00edn es muy f\u00e1cil! Desde la Terminal Sur hay dos empresas (Transporte Suroeste y R\u00e1pido Ochoa) que van a Jard\u00edn. \u00a1Ambas ofrecen al menos ocho autobuses al d\u00eda! Si viajas durante el fin de semana o en d\u00edas festivos, te recomendamos que reserves tu asiento con un d\u00eda de antelaci\u00f3n en el terminal. Los buses de R\u00e1pido Ochoa se pueden encontrar en l\u00ednea en Redbus o Busbud. El trayecto dura unas 4 horas.\nEl b\u00fas te dejar\u00e1 justo en la el terminal de Jard\u00edn, que est\u00e1 a solo una manzana de la encantadora plaza principal, o a veces incluso en la propia plaza.     \n\n\u00a1P\u00f3ngase en contacto con nosotros si tiene alguna pregunta!<\/p>\n\n                                            <div class=\"th-btn-wrap\">\n                            \n                                                            <a class=\"btn-2 btn th-btn btn-standard-primary\" href=\"#\">\n                                                                            Cont\u00e1ctenos                                                                    <\/a>\n                                                    <\/div>\n                                    <\/div>\n            <\/div>\n\n        <\/div>\n\n\t\t\t\t\t\t<\/div>\n\t\t\t\t<\/div>\n\t\t\t\t<div class=\"elementor-element elementor-element-15d6f6f elementor-view-default elementor-position-top elementor-widget elementor-widget-themo-header\" data-id=\"15d6f6f\" data-element_type=\"widget\" data-e-type=\"widget\" data-widget_type=\"themo-header.default\">\n\t\t\t\t<div class=\"elementor-widget-container\">\n\t\t\t\t\t\t\t<div class=\"th-header-wrap\">\n        <div class=\"elementor-icon-box-wrapper \">\n                            <div class=\"elementor-icon-box-content\">\n                    <h3 class=\"elementor-icon-box-title\">\n                        VINO DE SALENTO\/PEREIRA                    <\/h3>\n                                            <span class=\"th-header-divider\"><\/span>\n                                        <p class=\"elementor-icon-box-description\">Si vienes desde la zona de Salento\/Pereira, el viaje es un poco m\u00e1s aventurero y toma alrededor de 9 horas. Hay un autob\u00fas directo cada d\u00eda que va de Salento a RioSucio a las 9:40 am (\u00daltimamente han estado cambiando mucho entre las 8:40 y las 9:40, as\u00ed que inf\u00f3rmese en el terminal de salento) desde la terminal de autobuses de Salento. Te recomendamos reservar este autob\u00fas con al menos un d\u00eda de anticipaci\u00f3n.\n\nDespu\u00e9s del viaje de 4 horas a RioSucio, puedes tomar el autob\u00fas de las 3 de la tarde o la colorida chiva (un autob\u00fas al aire libre) que te llevar\u00e1 a Jard\u00edn en unas 3,5 horas. Es un viaje largo, pero las incre\u00edbles vistas de las monta\u00f1as en el camino lo valen totalmente. \u00a1Solo aseg\u00farate de traer un su\u00e9ter o chaqueta extra, ya que puede hacer bastante fr\u00edo durante el viaje!<\/p>\n\n                                    <\/div>\n            <\/div>\n\n        <\/div>\n\n\t\t\t\t\t\t<\/div>\n\t\t\t\t<\/div>\n\t\t\t\t\t<\/div>\n\t\t<\/div>\n\t\t\t\t<div class=\"elementor-column elementor-col-33 elementor-top-column elementor-element elementor-element-58792b4b\" data-id=\"58792b4b\" data-element_type=\"column\" data-e-type=\"column\" data-settings=\"{&quot;background_background&quot;:&quot;classic&quot;}\">\n\t\t\t<div class=\"elementor-widget-wrap elementor-element-populated\">\n\t\t\t\t\t\t<div class=\"elementor-element elementor-element-13e08b55 elementor-widget elementor-widget-spacer\" data-id=\"13e08b55\" data-element_type=\"widget\" data-e-type=\"widget\" data-widget_type=\"spacer.default\">\n\t\t\t\t\t\t\t<div class=\"elementor-spacer\">\n\t\t\t<div class=\"elementor-spacer-inner\"><\/div>\n\t\t<\/div>\n\t\t\t\t\t\t<\/div>\n\t\t\t\t\t<\/div>\n\t\t<\/div>\n\t\t\t\t\t<\/div>\n\t\t<\/section>\n\t\t\t\t<section class=\"elementor-section elementor-top-section elementor-element elementor-element-48f8af9 elementor-section-full_width elementor-section-height-default elementor-section-height-default\" data-id=\"48f8af9\" data-element_type=\"section\" data-e-type=\"section\">\n\t\t\t\t\t\t<div class=\"elementor-container elementor-column-gap-default\">\n\t\t\t\t\t<div class=\"elementor-column elementor-col-25 elementor-top-column elementor-element elementor-element-f2618d0\" data-id=\"f2618d0\" data-element_type=\"column\" data-e-type=\"column\" data-settings=\"{&quot;background_background&quot;:&quot;classic&quot;}\">\n\t\t\t<div class=\"elementor-widget-wrap elementor-element-populated\">\n\t\t\t\t\t\t<div class=\"elementor-element elementor-element-aa5ed66 elementor-widget elementor-widget-spacer\" data-id=\"aa5ed66\" data-element_type=\"widget\" data-e-type=\"widget\" data-widget_type=\"spacer.default\">\n\t\t\t\t\t\t\t<div class=\"elementor-spacer\">\n\t\t\t<div class=\"elementor-spacer-inner\"><\/div>\n\t\t<\/div>\n\t\t\t\t\t\t<\/div>\n\t\t\t\t\t<\/div>\n\t\t<\/div>\n\t\t\t\t<div class=\"elementor-column elementor-col-50 elementor-top-column elementor-element elementor-element-8824574\" data-id=\"8824574\" data-element_type=\"column\" data-e-type=\"column\" data-settings=\"{&quot;background_background&quot;:&quot;classic&quot;}\">\n\t\t\t<div class=\"elementor-widget-wrap elementor-element-populated\">\n\t\t\t\t\t\t<div class=\"elementor-element elementor-element-1e19bd0 elementor-view-default elementor-position-top elementor-widget elementor-widget-themo-header\" data-id=\"1e19bd0\" data-element_type=\"widget\" data-e-type=\"widget\" data-widget_type=\"themo-header.default\">\n\t\t\t\t<div class=\"elementor-widget-container\">\n\t\t\t\t\t\t\t<div class=\"th-header-wrap\">\n        <div class=\"elementor-icon-box-wrapper \">\n                            <div class=\"elementor-icon-box-content\">\n                    <h3 class=\"elementor-icon-box-title\">\n                        EN CARRO\/MOTO                    <\/h3>\n                                            <span class=\"th-header-divider\"><\/span>\n                                        <p class=\"elementor-icon-box-description\">Debido a algunos derrumbes, la carretera de Medell\u00edn a Jard\u00edn est\u00e1 parcialmente accesible. Si tomas la carretera correcta, no ser\u00e1 tan dif\u00edcil ni largo.\nLo mejor es dividir la navegaci\u00f3n en dos pasos diferentes.\n1. Navega hasta Santa Fe de Antioquia.\n(Consulta el bot\u00f3n de enlace de Google Maps).\n2. \u00a1Navega hasta Glamping Jard\u00edn! \n\nEsta ruta es accesible para cualquier coche y te llevar\u00e1 a Jard\u00edn en 4 horas. \u00a1No utilices Waze, ya que te lleva por las monta\u00f1as!  \n\n\u00bfVienes de la zona de Armenia\/Salento\/Filandia? Tenga en cuenta que con un carro tendr\u00e1 que tomar la ruta a trav\u00e9s de la Pintada. \nLos motociclistas aventureros o las personas con un 4x4 tambi\u00e9n pueden ir a RioSucio, pero deben estar preparados para una ruta sin pavimentar desde RioSucio hasta Jard\u00edn.<\/p>\n\n                                            <div class=\"th-btn-wrap\">\n                                                            <a class=\"btn-1 btn th-btn btn-standard-primary\" href=\"https:\/\/maps.app.goo.gl\/G3jHWuXdniGwZYVn8\" target=\"_blank\" rel=\"noopener\">\n                                                                            Santa Fe                                                                    <\/a>\n                            \n                                                            <a class=\"btn-2 btn th-btn btn-standard-primary\" href=\"https:\/\/maps.app.goo.gl\/HwRGtxC5E34y2Ue96\" target=\"_blank\" rel=\"noopener\">\n                                                                            Glamping                                                                    <\/a>\n                                                    <\/div>\n                                    <\/div>\n            <\/div>\n\n        <\/div>\n\n\t\t\t\t\t\t<\/div>\n\t\t\t\t<\/div>\n\t\t\t\t\t<\/div>\n\t\t<\/div>\n\t\t\t\t<div class=\"elementor-column elementor-col-25 elementor-top-column elementor-element elementor-element-6e1d9e6\" data-id=\"6e1d9e6\" data-element_type=\"column\" data-e-type=\"column\" data-settings=\"{&quot;background_background&quot;:&quot;classic&quot;}\">\n\t\t\t<div class=\"elementor-widget-wrap elementor-element-populated\">\n\t\t\t\t\t\t<div class=\"elementor-element elementor-element-78f42e6 elementor-widget elementor-widget-spacer\" data-id=\"78f42e6\" data-element_type=\"widget\" data-e-type=\"widget\" data-widget_type=\"spacer.default\">\n\t\t\t\t\t\t\t<div class=\"elementor-spacer\">\n\t\t\t<div class=\"elementor-spacer-inner\"><\/div>\n\t\t<\/div>\n\t\t\t\t\t\t<\/div>\n\t\t\t\t\t<\/div>\n\t\t<\/div>\n\t\t\t\t\t<\/div>\n\t\t<\/section>\n\t\t\t\t<section class=\"elementor-section elementor-top-section elementor-element elementor-element-0ae548a elementor-section-full_width elementor-section-height-default elementor-section-height-default\" data-id=\"0ae548a\" data-element_type=\"section\" data-e-type=\"section\">\n\t\t\t\t\t\t<div class=\"elementor-container elementor-column-gap-default\">\n\t\t\t\t\t<div class=\"elementor-column elementor-col-50 elementor-top-column elementor-element elementor-element-2d8249c\" data-id=\"2d8249c\" data-element_type=\"column\" data-e-type=\"column\" data-settings=\"{&quot;background_background&quot;:&quot;classic&quot;}\">\n\t\t\t<div class=\"elementor-widget-wrap elementor-element-populated\">\n\t\t\t\t\t\t<div class=\"elementor-element elementor-element-c38bf74 elementor-view-default elementor-position-top elementor-widget elementor-widget-themo-header\" data-id=\"c38bf74\" data-element_type=\"widget\" data-e-type=\"widget\" data-widget_type=\"themo-header.default\">\n\t\t\t\t<div class=\"elementor-widget-container\">\n\t\t\t\t\t\t\t<div class=\"th-header-wrap\">\n        <div class=\"elementor-icon-box-wrapper \">\n                            <div class=\"elementor-icon-box-content\">\n                    <h3 class=\"elementor-icon-box-title\">\n                        DEL PUEBLO AL GLAMPING                    <\/h3>\n                                            <span class=\"th-header-divider\"><\/span>\n                                        <p class=\"elementor-icon-box-description\">Para llegar a Glamping Jard\u00edn puedes conducir 10 minutos desde el parque principal. (o simplemente gira a la derecha 5 minutos antes de llegar al pueblo).\nDesde la plaza principal de Jard\u00edn, baja por la carretera principal hacia Andes. Despu\u00e9s del puente de Pizano, sigue un poco m\u00e1s y toma la primera carretera a la derecha hacia Morro Amarillo. Siga este camino durante aprox. 2,5 km hasta encontrar la puerta de Glamping Jard\u00edn a mano derecha.\n\nUna vez que entres al \u00e1rea de glamping, el estacionamiento estar\u00e1 a la izquierda despu\u00e9s de unos metros. Es mejor estacionar tu carro aqu\u00ed y continuar a pie por a carretera hasta la recepci\u00f3n, que se encuentra en la casa principal.\n\nSi viajas en transporte p\u00fablico y necesitas transporte desde el pueblo, encontrar\u00e1s muchos tuk-tuks (o \"motoratones\" como los llaman los jardine\u00f1os) en la plaza. Te pueden llevar al Glamping Jard\u00edn en solo 15 minutos (el precio ser\u00e1 de 22 000 $ durante el d\u00eda y 27 000 $ por la noche). Si no conocen Glamping Jard\u00edn puedes decirles que vayan a \"la cancha de Morro Amarillo\" O si lo prefieres, puedes reservar nuestro servicio de transporte por adelantado.<\/p>\n\n                                            <div class=\"th-btn-wrap\">\n                                                            <a class=\"btn-1 btn th-btn btn-standard-primary\" href=\"https:\/\/goo.gl\/maps\/DSDBCrQvbo24nzQG9\" target=\"_blank\" rel=\"noopener\">\n                                                                            Ubicaci\u00f3n en Google Maps                                                                    <\/a>\n                            \n                                                    <\/div>\n                                    <\/div>\n            <\/div>\n\n        <\/div>\n\n\t\t\t\t\t\t<\/div>\n\t\t\t\t<\/div>\n\t\t\t\t\t<\/div>\n\t\t<\/div>\n\t\t\t\t<div class=\"elementor-column elementor-col-50 elementor-top-column elementor-element elementor-element-5c03f96\" data-id=\"5c03f96\" data-element_type=\"column\" data-e-type=\"column\" data-settings=\"{&quot;background_background&quot;:&quot;classic&quot;}\">\n\t\t\t<div class=\"elementor-widget-wrap elementor-element-populated\">\n\t\t\t\t\t<div class=\"elementor-background-overlay\"><\/div>\n\t\t\t\t\t\t<div class=\"elementor-element elementor-element-72c5323 elementor-widget elementor-widget-spacer\" data-id=\"72c5323\" data-element_type=\"widget\" data-e-type=\"widget\" data-widget_type=\"spacer.default\">\n\t\t\t\t\t\t\t<div class=\"elementor-spacer\">\n\t\t\t<div class=\"elementor-spacer-inner\"><\/div>\n\t\t<\/div>\n\t\t\t\t\t\t<\/div>\n\t\t\t\t\t<\/div>\n\t\t<\/div>\n\t\t\t\t\t<\/div>\n\t\t<\/section>\n\t\t\t\t<section class=\"elementor-section elementor-top-section elementor-element elementor-element-299358c4 elementor-section-boxed elementor-section-height-default elementor-section-height-default\" data-id=\"299358c4\" data-element_type=\"section\" data-e-type=\"section\" data-settings=\"{&quot;background_background&quot;:&quot;classic&quot;}\">\n\t\t\t\t\t\t<div class=\"elementor-container elementor-column-gap-wider\">\n\t\t\t\t\t<div class=\"elementor-column elementor-col-100 elementor-top-column elementor-element elementor-element-3c4a8965\" data-id=\"3c4a8965\" data-element_type=\"column\" data-e-type=\"column\">\n\t\t\t<div class=\"elementor-widget-wrap elementor-element-populated\">\n\t\t\t\t\t\t<div class=\"elementor-element elementor-element-1e9d67e6 elementor-widget elementor-widget-themo-call-to-action\" data-id=\"1e9d67e6\" data-element_type=\"widget\" data-e-type=\"widget\" data-widget_type=\"themo-call-to-action.default\">\n\t\t\t\t<div class=\"elementor-widget-container\">\n\t\t\t\t\t\t\t<div class=\"th-cta\">\n\t\t\t\t\t        <div class=\"th-cta-text\">\n\t\t            <span>\u00bfQuieres quedarte con nosotros? Descubre nuestras opciones de alojamiento.<\/span>\n\t\t        <\/div>\n\t\t    \n                        <div class=\"th-cta-btn\">\n\n                                    <a class=\"btn-1 btn th-btn btn-ghost-light\" href=\"https:\/\/engine.lobbypms.com\/glamping-jardin\" target=\"_blank\" rel=\"noopener\">\n                                                    Para m\u00e1s informaci\u00f3n!                                            <\/a>\n                \n                            <\/div>\n            \t\t<\/div>\n\t\t\t\t\t\t<\/div>\n\t\t\t\t<\/div>\n\t\t\t\t\t<\/div>\n\t\t<\/div>\n\t\t\t\t\t<\/div>\n\t\t<\/section>\n\t\t\t\t<section class=\"elementor-section elementor-top-section elementor-element elementor-element-3e246e4 elementor-section-boxed elementor-section-height-default elementor-section-height-default\" data-id=\"3e246e4\" data-element_type=\"section\" data-e-type=\"section\">\n\t\t\t\t\t\t<div class=\"elementor-container elementor-column-gap-default\">\n\t\t\t\t\t<div class=\"elementor-column elementor-col-100 elementor-top-column elementor-element elementor-element-1c0cb75\" data-id=\"1c0cb75\" data-element_type=\"column\" data-e-type=\"column\">\n\t\t\t<div class=\"elementor-widget-wrap elementor-element-populated\">\n\t\t\t\t\t\t<div class=\"elementor-element elementor-element-8f02dd2 elementor-widget elementor-widget-html\" data-id=\"8f02dd2\" data-element_type=\"widget\" data-e-type=\"widget\" data-widget_type=\"html.default\">\n\t\t\t\t\t   <link rel=\"stylesheet\" href=\"https:\/\/app.lobbypms.com\/public\/css\/widget\/lobby-date-rage-selector.min.css?v=9j5cp5KX8tHP9PL1afXRCjDeN\">\r\n   <script src=\"https:\/\/app.lobbypms.com\/public\/js\/widget\/lobby-date-rage-selector.min.js?v=xXuL5mPJcunh50YRqtwESqwg3\"><\/script>\r\n   <script>\r\n    var ldrs = new LobbyDateRangeSelector({\r\n      apiBaseUrl: 'https:\/\/api.lobbypms.com\/api\/ldrs\/',\r\n      token: '9H72Zx70B441Z3OaYqfnyBoOhVO3R3LpDXyJfYuCXSrQiRfQqiJqrKL8RlQ1',\r\n      lang: 'en',\r\n    });\r\n   <\/script>\r\n\t\t\t\t<\/div>\n\t\t\t\t\t<\/div>\n\t\t<\/div>\n\t\t\t\t\t<\/div>\n\t\t<\/section>\n\t\t\t\t<\/div>\n\t\t","protected":false},"excerpt":{"rendered":"<p>C\u00d3MO LLEGAR A JARD\u00cdN Transporte p\u00fablico, carro o moto. TRANSPORTE Al buscar informaci\u00f3n sobre c\u00f3mo llegar a Jard\u00edn, es posible que te encuentres con muchas historias diferentes. No te preocupes, aqu\u00ed te informaremos de las opciones y de nuestra experiencia. &hellip; <a href=\"https:\/\/glampingjardin.com\/es\/como-llegar-a-jardin\/\">Read More<\/a><\/p>\n","protected":false},"author":1,"featured_media":0,"parent":0,"menu_order":7,"comment_status":"closed","ping_status":"closed","template":"","meta":{"_acf_changed":false,"_coblocks_attr":"","_coblocks_dimensions":"","_coblocks_responsive_height":"","_coblocks_accordion_ie_support":"","footnotes":""},"class_list":["post-2927","page","type-page","status-publish","hentry"],"acf":[],"_links":{"self":[{"href":"https:\/\/glampingjardin.com\/es\/wp-json\/wp\/v2\/pages\/2927","targetHints":{"allow":["GET"]}}],"collection":[{"href":"https:\/\/glampingjardin.com\/es\/wp-json\/wp\/v2\/pages"}],"about":[{"href":"https:\/\/glampingjardin.com\/es\/wp-json\/wp\/v2\/types\/page"}],"author":[{"embeddable":true,"href":"https:\/\/glampingjardin.com\/es\/wp-json\/wp\/v2\/users\/1"}],"replies":[{"embeddable":true,"href":"https:\/\/glampingjardin.com\/es\/wp-json\/wp\/v2\/comments?post=2927"}],"version-history":[{"count":11,"href":"https:\/\/glampingjardin.com\/es\/wp-json\/wp\/v2\/pages\/2927\/revisions"}],"predecessor-version":[{"id":4247,"href":"https:\/\/glampingjardin.com\/es\/wp-json\/wp\/v2\/pages\/2927\/revisions\/4247"}],"wp:attachment":[{"href":"https:\/\/glampingjardin.com\/es\/wp-json\/wp\/v2\/media?parent=2927"}],"curies":[{"name":"wp","href":"https:\/\/api.w.org\/{rel}","templated":true}]}}